{"id":751,"date":"2018-03-07T16:20:15","date_gmt":"2018-03-07T19:20:15","guid":{"rendered":"https:\/\/crucianelli.com\/?page_id=751"},"modified":"2020-07-23T11:40:40","modified_gmt":"2020-07-23T14:40:40","slug":"producto-maqueta","status":"publish","type":"page","link":"https:\/\/crucianelli.com\/en\/producto-maqueta\/","title":{"rendered":"Producto maqueta"},"content":{"rendered":"<p>[vc_row full_width=&#8221;stretch_row&#8221; equal_height=&#8221;yes&#8221; hide_bg_image_on_tablet=&#8221;&#8221; hide_bg_image_on_mobile=&#8221;&#8221; css=&#8221;.vc_custom_1520535007854{background-color: #cbcbcb !important;}&#8221; el_id=&#8221;producto-descripcion&#8221;][vc_column width=&#8221;2\/3&#8243; css=&#8221;.vc_custom_1520450809993{background-color: #b2b2b2 !important;}&#8221;][vc_column_text css=&#8221;.vc_custom_1520450818139{padding-top: 4em !important;padding-right: 4em !important;padding-bottom: 4em !important;padding-left: 4em !important;}&#8221;]Nuestra Air Planter es una sembradora de alta productividad y gran autonom\u00eda, con 3 tolvas de polietileno de 2400 litros, y un ancho de trabajo de 18 metros, que gracias a nuestro sistema patentado de plegado autom\u00e1tico permite reducir a 4 metros el ancho de la m\u00e1quina para que esta sea f\u00e1cil de transportar.<\/p>\n<p>Comandado por un \u00fanico operador desde la cabina del tractor, su ancho reducido brinda versatilidad y maniobrabilidad y sus 2 pares de neum\u00e1ticos centrales en balanc\u00edn, sumados a 2 articulados giratorios en la parte delantera, hacen que su peso est\u00e9 siempre sobre las ruedas, sin sobrecargar el enganche del tractor en el Vtraslado.[\/vc_column_text][\/vc_column][vc_column width=&#8221;1\/3&#8243; scheme=&#8221;dark&#8221; fix_column=&#8221;&#8221; css=&#8221;.vc_custom_1520450802762{background-color: #e42028 !important;}&#8221;][vc_column_text css=&#8221;.vc_custom_1520450827707{padding-top: 4em !important;padding-right: 4em !important;padding-bottom: 4em !important;padding-left: 4em !important;}&#8221;]<\/p>\n<ul>\n<li>Mayor autonom\u00eda y rapidez de carga<\/li>\n<li>Reducci\u00f3n de tiempos no operativos<\/li>\n<li>Traslado c\u00f3modo y seguro<\/li>\n<\/ul>\n<p>[\/vc_column_text][\/vc_column][\/vc_row][vc_row full_width=&#8221;stretch_row&#8221; equal_height=&#8221;yes&#8221; hide_bg_image_on_tablet=&#8221;&#8221; hide_bg_image_on_mobile=&#8221;&#8221; el_id=&#8221;producto-extras&#8221;][vc_column width=&#8221;2\/3&#8243; fix_column=&#8221;&#8221;][vc_column_text css=&#8221;.vc_custom_1520451826427{padding: 4em !important;}&#8221;]<\/p>\n<h5>Modelos<\/h5>\n<p><strong>12, 15 y 18 m de ancho de trabajo,<\/strong><br \/>\ncon variedad de n\u00fameros de l\u00ednea y espaciamientos.[\/vc_column_text][\/vc_column][vc_column width=&#8221;1\/3&#8243; scheme=&#8221;dark&#8221; css=&#8221;.vc_custom_1520450285198{background-color: #e42028 !important;}&#8221;]<div id=\"sc_icons_906610865\" \r\n\tclass=\"sc_icons sc_icons_default sc_icons_size_small sc_align_center producto-ficha-tecnica  vc_custom_1520534200839\"><div class=\"sc_icons_item sc_icons_item_linked\"><div id=\"sc_icons_906610865_icon-doc-text\" class=\"sc_icons_icon sc_icon_type_ icon-doc-text\"\r\n\t\t\t\t\t\t style=\"color: #ffffff\"\t\t\t\t\t\t><span class=\"sc_icon_type_ icon-doc-text\" style=\"color: #ffffff\"><\/span><\/div><h4 class=\"sc_icons_item_title\"><span>Descarga la ficha tecnica<\/span><\/h4><div class=\"sc_icons_item_description\"><span>de nuestra Air Planter<\/span><\/div><a href=\"#\" class=\"sc_icons_item_link\"><\/a><\/div><\/div><!-- \/.sc_icons -->[\/vc_column][\/vc_row][vc_row full_width=&#8221;stretch_row_content_no_spaces&#8221; equal_height=&#8221;yes&#8221; hide_bg_image_on_tablet=&#8221;&#8221; hide_bg_image_on_mobile=&#8221;&#8221;][vc_column fix_column=&#8221;&#8221;]<div class=\"cq-medium-gallery\" data-gallerywidth=\"\" data-background=\"\" data-layoutno=\"44\" data-lowreswidth=\"\" data-gutter=\"0px\" style=\"margin:0 auto;\"><img src=\"https:\/\/crucianelli.com\/wp-content\/uploads\/2017\/08\/service9.jpg\" data-highres=\"https:\/\/crucianelli.com\/wp-content\/uploads\/2017\/08\/service9.jpg\" class=\"mediumgallery-img galeria-producto\" title=\"\" alt=\"\" \/><img src=\"https:\/\/crucianelli.com\/wp-content\/uploads\/2017\/08\/service8.jpg\" data-highres=\"https:\/\/crucianelli.com\/wp-content\/uploads\/2017\/08\/service8.jpg\" class=\"mediumgallery-img galeria-producto\" title=\"\" alt=\"\" \/><img src=\"https:\/\/crucianelli.com\/wp-content\/uploads\/2017\/08\/service7.jpg\" data-highres=\"https:\/\/crucianelli.com\/wp-content\/uploads\/2017\/08\/service7.jpg\" class=\"mediumgallery-img galeria-producto\" title=\"\" alt=\"\" \/><img src=\"https:\/\/crucianelli.com\/wp-content\/uploads\/2017\/08\/service6.jpg\" data-highres=\"https:\/\/crucianelli.com\/wp-content\/uploads\/2017\/08\/service6.jpg\" class=\"mediumgallery-img galeria-producto\" title=\"\" alt=\"\" \/><img src=\"https:\/\/crucianelli.com\/wp-content\/uploads\/2017\/08\/service5.jpg\" data-highres=\"https:\/\/crucianelli.com\/wp-content\/uploads\/2017\/08\/service5.jpg\" class=\"mediumgallery-img galeria-producto\" title=\"\" alt=\"\" \/><img src=\"https:\/\/crucianelli.com\/wp-content\/uploads\/2017\/08\/service4.jpg\" data-highres=\"https:\/\/crucianelli.com\/wp-content\/uploads\/2017\/08\/service4.jpg\" class=\"mediumgallery-img galeria-producto\" title=\"\" alt=\"\" \/><img src=\"https:\/\/crucianelli.com\/wp-content\/uploads\/2017\/08\/service3.jpg\" data-highres=\"https:\/\/crucianelli.com\/wp-content\/uploads\/2017\/08\/service3.jpg\" class=\"mediumgallery-img galeria-producto\" title=\"\" alt=\"\" \/><img src=\"https:\/\/crucianelli.com\/wp-content\/uploads\/2017\/08\/service2.jpg\" data-highres=\"https:\/\/crucianelli.com\/wp-content\/uploads\/2017\/08\/service2.jpg\" class=\"mediumgallery-img galeria-producto\" title=\"\" alt=\"\" \/><\/div>[\/vc_column][\/vc_row][vc_row full_width=&#8221;stretch_row_content_no_spaces&#8221; equal_height=&#8221;yes&#8221; css=&#8221;.vc_custom_1520535221206{background-color: #e42028 !important;}&#8221; el_id=&#8221;producto-form&#8221;][vc_column width=&#8221;1\/2&#8243; css=&#8221;.vc_custom_1520534945174{background-image: url(https:\/\/crucianelli.com\/wp-content\/uploads\/2018\/03\/bg-concesionario-producto.jpg?id=769) !important;background-position: center !important;background-repeat: no-repeat !important;background-size: cover !important;}&#8221;]<div id=\"sc_content_490507570\"\r\n\t\tclass=\"sc_content color_style_default scheme_dark sc_content_default sc_float_right sc_padding_medium\"><div class=\"sc_content_container\">[vc_column_text el_class=&#8221;texto-concesionario-producto&#8221; css=&#8221;.vc_custom_1520890186772{padding-top: 30px !important;padding-right: 30px !important;padding-bottom: 30px !important;padding-left: 40px !important;background-color: #e42028 !important;}&#8221;]<\/p>\n<h5 style=\"text-align: right;\">ENCONTR\u00c1<br \/>\nUN CONCESIONARIO<br \/>\nCRUCIANELLI<br \/>\nCERCA TUYO.<\/h5>\n<p>[\/vc_column_text][vc_empty_space alter_height=&#8221;medium&#8221; hide_on_desktop=&#8221;&#8221; hide_on_notebook=&#8221;&#8221; hide_on_tablet=&#8221;&#8221; hide_on_mobile=&#8221;&#8221;]<div class=\"sc_item_button sc_button_wrap sc_align_right\"><a href=\"https:\/\/crucianelli.com\/concesionarios\/\" id=\"sc_button_2124299791\" class=\"sc_button color_style_dark sc_button_default sc_button_size_small sc_button_icon_left\"><span class=\"sc_button_text\"><span class=\"sc_button_title\">Ver concesionarios<\/span><\/span><!-- \/.sc_button_text --><\/a><!-- \/.sc_button --><\/div><!-- \/.sc_item_button --><\/div><\/div><!-- \/.sc_content -->[\/vc_column][vc_column width=&#8221;1\/2&#8243; scheme=&#8221;dark&#8221;]<div id=\"sc_content_1316540789\"\r\n\t\tclass=\"sc_content color_style_default sc_content_default sc_float_left sc_padding_medium\"><div class=\"sc_content_container\">[vc_column_text]<\/p>\n<h5><strong>\u00bfQUER\u00c9S SABER M\u00c1S <\/strong><br \/>\n<strong>SOBRE ESTA M\u00c1QUINA?<\/strong><br \/>\nDEJANOS TUS DATOS:<\/h5>\n<p>[\/vc_column_text][vc_empty_space alter_height=&#8221;small&#8221; hide_on_desktop=&#8221;&#8221; hide_on_notebook=&#8221;&#8221; hide_on_tablet=&#8221;&#8221; hide_on_mobile=&#8221;&#8221;]<div role=\"form\" class=\"wpcf7\" id=\"wpcf7-f764-o1\" lang=\"es-ES\" dir=\"ltr\">\n<div class=\"screen-reader-response\"><p role=\"status\" aria-live=\"polite\" aria-atomic=\"true\"><\/p> <ul><\/ul><\/div>\n<form action=\"\/en\/wp-json\/wp\/v2\/pages\/751#wpcf7-f764-o1\" method=\"post\" class=\"wpcf7-form init\" novalidate=\"novalidate\" data-status=\"init\">\n<div style=\"display: none;\">\n<input type=\"hidden\" name=\"_wpcf7\" value=\"764\" \/>\n<input type=\"hidden\" name=\"_wpcf7_version\" value=\"5.3.2\" \/>\n<input type=\"hidden\" name=\"_wpcf7_locale\" value=\"es_ES\" \/>\n<input type=\"hidden\" name=\"_wpcf7_unit_tag\" value=\"wpcf7-f764-o1\" \/>\n<input type=\"hidden\" name=\"_wpcf7_container_post\" value=\"0\" \/>\n<input type=\"hidden\" name=\"_wpcf7_posted_data_hash\" value=\"\" \/>\n<input type=\"hidden\" name=\"_wpcf7cf_hidden_group_fields\" value=\"\" \/>\n<input type=\"hidden\" name=\"_wpcf7cf_hidden_groups\" value=\"\" \/>\n<input type=\"hidden\" name=\"_wpcf7cf_visible_groups\" value=\"\" \/>\n<input type=\"hidden\" name=\"_wpcf7cf_repeaters\" value=\"[]\" \/>\n<input type=\"hidden\" name=\"_wpcf7cf_steps\" value=\"{}\" \/>\n<input type=\"hidden\" name=\"_wpcf7cf_options\" value=\"{&quot;form_id&quot;:764,&quot;conditions&quot;:[],&quot;settings&quot;:{&quot;animation&quot;:&quot;yes&quot;,&quot;animation_intime&quot;:200,&quot;animation_outtime&quot;:200,&quot;conditions_ui&quot;:&quot;normal&quot;,&quot;notice_dismissed&quot;:false}}\" \/>\n<\/div>\n<p><span class=\"wpcf7-form-control-wrap nombre\"><input type=\"text\" name=\"nombre\" value=\"\" size=\"40\" class=\"wpcf7-form-control wpcf7-text wpcf7-validates-as-required\" aria-required=\"true\" aria-invalid=\"false\" placeholder=\"Nombre\" \/><\/span><span class=\"wpcf7-form-control-wrap email\"><input type=\"email\" name=\"email\" value=\"\" size=\"40\" class=\"wpcf7-form-control wpcf7-text wpcf7-email wpcf7-validates-as-required wpcf7-validates-as-email\" aria-required=\"true\" aria-invalid=\"false\" placeholder=\"Email\" \/><\/span><span class=\"wpcf7-form-control-wrap telefono\"><input type=\"text\" name=\"telefono\" value=\"\" size=\"40\" class=\"wpcf7-form-control wpcf7-text wpcf7-validates-as-required\" aria-required=\"true\" aria-invalid=\"false\" placeholder=\"Telefono\" \/><\/span><span class=\"wpcf7-form-control-wrap ciudad\"><input type=\"text\" name=\"ciudad\" value=\"\" size=\"40\" class=\"wpcf7-form-control wpcf7-text wpcf7-validates-as-required\" aria-required=\"true\" aria-invalid=\"false\" placeholder=\"Regi\u00f3n\" \/><\/span><span class=\"wpcf7-form-control-wrap mensaje\"><textarea name=\"mensaje\" cols=\"40\" rows=\"3\" class=\"wpcf7-form-control wpcf7-textarea\" aria-invalid=\"false\" placeholder=\"Mensaje\"><\/textarea><\/span><span class=\"wpcf7-form-control-wrap url\"><input type=\"hidden\" name=\"url\" value=\"https:\/\/crucianelli.com:443\/en\/wp-json\/wp\/v2\/pages\/751\" size=\"40\" class=\"wpcf7-form-control wpcf7dtx-dynamictext wpcf7-dynamichidden\" aria-invalid=\"false\" \/><\/span><span class=\"wpcf7-form-control-wrap title\"><input type=\"hidden\" name=\"title\" value=\"Producto maqueta\" size=\"40\" class=\"wpcf7-form-control wpcf7dtx-dynamictext wpcf7-dynamichidden\" aria-invalid=\"false\" \/><\/span><\/p>\n<p><input type=\"submit\" value=\"Enviar\" class=\"wpcf7-form-control wpcf7-submit\" \/><\/p>\n<div class=\"wpcf7-response-output\" aria-hidden=\"true\"><\/div><\/form><\/div><\/div><\/div><!-- \/.sc_content -->[\/vc_column][\/vc_row][vc_row full_width=&#8221;stretch_row&#8221;][vc_column]<div id=\"sc_content_1215482520\"\r\n\t\tclass=\"sc_content color_style_default sc_content_default sc_content_width_75p sc_float_center\"><div class=\"sc_content_container\"><div id=\"widget_video_647730035\" class=\"widget_area sc_widget_video vc_widget_video wpb_content_element\"><aside id=\"widget_video_647730035_widget\" class=\"widget widget_video\"><div id=\"sc_video_1773231200\" class=\"trx_addons_video_player with_cover hover_play\"><img src=\"https:\/\/crucianelli.com\/wp-content\/uploads\/2018\/03\/video-testimonio.jpg\" alt=\"\" width=\"1000\" height=\"609\"><div class=\"video_mask\"><\/div><div class=\"video_hover\" data-video=\"&lt;iframe width=&quot;1170&quot; height=&quot;658&quot; src=&quot;https:\/\/www.youtube.com\/embed\/5pzVQA7FDN8?feature=oembed&amp;autoplay=1&quot; frameborder=&quot;0&quot; allow=&quot;autoplay; encrypted-media&quot; allowfullscreen&gt;&lt;\/iframe&gt;\"><\/div><div class=\"video_embed video_frame\"><\/div><\/div><\/aside><\/div><\/div><\/div><!-- \/.sc_content -->[\/vc_column][\/vc_row]<\/p>\n","protected":false},"excerpt":{"rendered":"<p>[vc_row full_width=&#8221;stretch_row&#8221; equal_height=&#8221;yes&#8221; hide_bg_image_on_tablet=&#8221;&#8221; hide_bg_image_on_mobile=&#8221;&#8221; css=&#8221;.vc_custom_1520535007854{background-color: #cbcbcb !important;}&#8221; el_id=&#8221;producto-descripcion&#8221;][vc_column width=&#8221;2\/3&#8243; css=&#8221;.vc_custom_1520450809993{background-color: #b2b2b2 !important;}&#8221;][vc_column_text css=&#8221;.vc_custom_1520450818139{padding-top: 4em !important;padding-right: 4em !important;padding-bottom: 4em !important;padding-left: 4em !important;}&#8221;]Nuestra Air Planter es una sembradora de alta productividad y gran autonom\u00eda, con 3 tolvas de polietileno de 2400 litros, y un ancho de trabajo de 18 metros, que gracias a nuestro sistema patentado de plegado autom\u00e1tico permite reducir&hellip;<\/p>\n","protected":false},"author":3,"featured_media":648,"parent":0,"menu_order":0,"comment_status":"closed","ping_status":"closed","template":"","meta":{"_joinchat":[]},"acf":[],"_links":{"self":[{"href":"https:\/\/crucianelli.com\/en\/wp-json\/wp\/v2\/pages\/751"}],"collection":[{"href":"https:\/\/crucianelli.com\/en\/wp-json\/wp\/v2\/pages"}],"about":[{"href":"https:\/\/crucianelli.com\/en\/wp-json\/wp\/v2\/types\/page"}],"author":[{"embeddable":true,"href":"https:\/\/crucianelli.com\/en\/wp-json\/wp\/v2\/users\/3"}],"replies":[{"embeddable":true,"href":"https:\/\/crucianelli.com\/en\/wp-json\/wp\/v2\/comments?post=751"}],"version-history":[{"count":0,"href":"https:\/\/crucianelli.com\/en\/wp-json\/wp\/v2\/pages\/751\/revisions"}],"wp:featuredmedia":[{"embeddable":true,"href":"https:\/\/crucianelli.com\/en\/wp-json\/wp\/v2\/media\/648"}],"wp:attachment":[{"href":"https:\/\/crucianelli.com\/en\/wp-json\/wp\/v2\/media?parent=751"}],"curies":[{"name":"wp","href":"https:\/\/api.w.org\/{rel}","templated":true}]}}