{"id":1246,"date":"2018-05-02T14:22:59","date_gmt":"2018-05-02T17:22:59","guid":{"rendered":"https:\/\/crucianelli.com\/?page_id=1246"},"modified":"2026-02-09T14:09:27","modified_gmt":"2026-02-09T17:09:27","slug":"nuestra-planta","status":"publish","type":"page","link":"https:\/\/crucianelli.com\/pb\/nuestra-planta\/","title":{"rendered":"Planta"},"content":{"rendered":"<p>[vc_row content_placement=&#8221;middle&#8221;][vc_column width=&#8221;5\/12&#8243;]<div id=\"sc_content_997745645\"\r\n\t\tclass=\"sc_content color_style_default sc_content_default sc_float_center sc_padding_medium\"><div class=\"sc_content_container\">[vc_column_text]Nossa planta industrial conta com uma superf\u00edcie total de <strong>60.000 m2<\/strong>, dos quais <strong>25.000 s\u00e3o cobertos.<\/strong> Equipada com a \u00faltima tecnologia para garantir produtos de qualidade e um ambiente de trabalho confort\u00e1vel, confi\u00e1vel e seguro.<\/p>\n<p>A \u00faltima amplia\u00e7\u00e3o da planta em 2011 permitiu incrementar a produ\u00e7\u00e3o em 30%, e assim acelerar a resposta da firma ao aumento da demanda.[\/vc_column_text]<\/div><\/div><!-- \/.sc_content -->[\/vc_column][vc_column width=&#8221;7\/12&#8243;]<div class=\"sc_content_wrap sc_push_medium\"><div id=\"texto-planta\"\r\n\t\tclass=\"sc_content color_style_default sc_content_default sc_float_center sc_shift_y_medium\"><div class=\"sc_content_container\">[vc_single_image image=&#8221;1332&#8243; img_size=&#8221;full&#8221;]<\/div><\/div><!-- \/.sc_content --><\/div><!-- \/.sc_content_wrap -->[\/vc_column][\/vc_row][vc_row full_width=&#8221;stretch_row&#8221; scheme=&#8221;dark&#8221; hide_bg_image_on_tablet=&#8221;&#8221; hide_bg_image_on_mobile=&#8221;&#8221; css=&#8221;.vc_custom_1525718164703{padding-top: 8em !important;padding-bottom: 8em !important;background-color: #e42028 !important;}&#8221;][vc_column width=&#8221;1\/4&#8243;][vc_column_text]<strong>7 l\u00edneas<\/strong> de armado<br \/>\nde sembradoras[\/vc_column_text][\/vc_column][vc_column width=&#8221;1\/4&#8243;][vc_column_text]Sector de repuestos<br \/>\ny accesorios <strong>de 1000 m<sup>2<\/sup><\/strong>[\/vc_column_text][\/vc_column][vc_column width=&#8221;1\/4&#8243;][vc_column_text]<strong>350 m<sup>2<\/sup><\/strong> destinados al \u00e1rea<br \/>\nde prototipos y desarrollo[\/vc_column_text][\/vc_column][vc_column width=&#8221;1\/4&#8243;][vc_column_text]<strong>8 m\u00e1quinas<\/strong> de<br \/>\nsoldadura robotizada[\/vc_column_text][\/vc_column][\/vc_row]<\/p>","protected":false},"excerpt":{"rendered":"<p>[vc_row content_placement=&#8221;middle&#8221;][vc_column width=&#8221;5\/12&#8243;][\/vc_column][vc_column width=&#8221;7\/12&#8243;][\/vc_column][\/vc_row][vc_row full_width=&#8221;stretch_row&#8221; scheme=&#8221;dark&#8221; hide_bg_image_on_tablet=&#8221;&#8221; hide_bg_image_on_mobile=&#8221;&#8221; css=&#8221;.vc_custom_1525718164703{padding-top: 8em !important;padding-bottom: 8em !important;background-color: #e42028 !important;}&#8221;][vc_column width=&#8221;1\/4&#8243;][vc_column_text]7 l\u00edneas de armado de sembradoras[\/vc_column_text][\/vc_column][vc_column width=&#8221;1\/4&#8243;][vc_column_text]Sector de repuestos y accesorios de 1000 m2[\/vc_column_text][\/vc_column][vc_column width=&#8221;1\/4&#8243;][vc_column_text]350 m2 destinados al \u00e1rea de prototipos y desarrollo[\/vc_column_text][\/vc_column][vc_column width=&#8221;1\/4&#8243;][vc_column_text]8 m\u00e1quinas de soldadura robotizada[\/vc_column_text][\/vc_column][\/vc_row]<\/p>\n","protected":false},"author":3,"featured_media":1727,"parent":0,"menu_order":0,"comment_status":"closed","ping_status":"closed","template":"","meta":{"_joinchat":[]},"acf":[],"_links":{"self":[{"href":"https:\/\/crucianelli.com\/pb\/wp-json\/wp\/v2\/pages\/1246"}],"collection":[{"href":"https:\/\/crucianelli.com\/pb\/wp-json\/wp\/v2\/pages"}],"about":[{"href":"https:\/\/crucianelli.com\/pb\/wp-json\/wp\/v2\/types\/page"}],"author":[{"embeddable":true,"href":"https:\/\/crucianelli.com\/pb\/wp-json\/wp\/v2\/users\/3"}],"replies":[{"embeddable":true,"href":"https:\/\/crucianelli.com\/pb\/wp-json\/wp\/v2\/comments?post=1246"}],"version-history":[{"count":0,"href":"https:\/\/crucianelli.com\/pb\/wp-json\/wp\/v2\/pages\/1246\/revisions"}],"wp:featuredmedia":[{"embeddable":true,"href":"https:\/\/crucianelli.com\/pb\/wp-json\/wp\/v2\/media\/1727"}],"wp:attachment":[{"href":"https:\/\/crucianelli.com\/pb\/wp-json\/wp\/v2\/media?parent=1246"}],"curies":[{"name":"wp","href":"https:\/\/api.w.org\/{rel}","templated":true}]}}