{"id":1276,"date":"2018-05-07T16:43:21","date_gmt":"2018-05-07T19:43:21","guid":{"rendered":"https:\/\/crucianelli.com\/?page_id=1276"},"modified":"2023-10-02T15:51:12","modified_gmt":"2023-10-02T18:51:12","slug":"financiacion","status":"publish","type":"page","link":"https:\/\/crucianelli.com\/pb\/financiacion\/","title":{"rendered":"Financiaci\u00f3n"},"content":{"rendered":"<p><\/p>\n<p>[vc_row full_width=&#8221;stretch_row_content_no_spaces&#8221; content_placement=&#8221;top&#8221; scheme=&#8221;dark&#8221; hide_bg_image_on_tablet=&#8221;&#8221; hide_bg_image_on_mobile=&#8221;&#8221;][vc_column width=&#8221;7\/12&#8243; css=&#8221;.vc_custom_1525726499415{background-color: #222d35 !important;}&#8221;]<div id=\"sc_content_975604658\"\r\n\t\tclass=\"sc_content color_style_default sc_content_default sc_float_right sc_padding_medium  vc_custom_1525726481255\"><div class=\"sc_content_container\">[vc_column_text]A trav\u00e9s de <strong>Ra\u00edz, Cr\u00e9ditos Crucianelli para el campo argentino<\/strong>, pod\u00e9s acceder a:<\/p>\n<ul>\n<li>Financiaci\u00f3n a 36 meses en pesos y d\u00f3lares<\/li>\n<li>Financiaci\u00f3n cereal a 24 meses.<\/li>\n<\/ul>\n<p>Ra\u00edz es la primera entidad de origen nacional destinada a la financiaci\u00f3n de maquinaria agr\u00edcola.<\/p>\n<p>Conoc\u00e9 las facilidades que podemos brindarte.[\/vc_column_text]<\/div><\/div><!-- \/.sc_content -->[\/vc_column][vc_column width=&#8221;5\/12&#8243;][vc_single_image image=&#8221;3522&#8243; img_size=&#8221;full&#8221;][\/vc_column][\/vc_row][vc_row content_placement=&#8221;middle&#8221; css=&#8221;.vc_custom_1525726591915{padding-top: 3em !important;padding-bottom: 3em !important;}&#8221;][vc_column width=&#8221;5\/12&#8243; css=&#8221;.vc_custom_1525725326874{background-size: cover !important;}&#8221;][vc_single_image image=&#8221;4469&#8243; img_size=&#8221;full&#8221;][\/vc_column][vc_column width=&#8221;7\/12&#8243;]<div id=\"sc_content_84348232\"\r\n\t\tclass=\"sc_content color_style_default sc_content_default sc_float_center sc_align_left sc_padding_medium\"><div class=\"sc_content_container\">[vc_column_text]<\/p>\n<h5>OPORTUNIDAD FINANCIACI\u00d3N DE FABRICA<\/h5>\n<p>Nuevas l\u00edneas de financiaci\u00f3n en cereal y en pesos con cheques sin inter\u00e9s destinadas a la compra de tu sembradora <strong>Crucianelli<\/strong>[\/vc_column_text][vc_empty_space alter_height=&#8221;small&#8221; hide_on_desktop=&#8221;&#8221; hide_on_notebook=&#8221;&#8221; hide_on_tablet=&#8221;&#8221; hide_on_mobile=&#8221;&#8221;]<div class=\"sc_item_button sc_button_wrap sc_align_left\"><a href=\"https:\/\/crucianelli.com\/wp-content\/uploads\/2020\/06\/2020-19-Planes-de-Venta-Junio-2020.xlsx-2.pdf\" id=\"sc_button_1903085300\" class=\"sc_button color_style_default sc_button_default sc_button_size_small sc_button_icon_left\" target=\"_blank\"><span class=\"sc_button_text\"><span class=\"sc_button_title\">+ info<\/span><\/span><!-- \/.sc_button_text --><\/a><!-- \/.sc_button --><\/div><!-- \/.sc_item_button --><\/div><\/div><!-- \/.sc_content -->[\/vc_column][\/vc_row][vc_row full_width=&#8221;stretch_row_content_no_spaces&#8221; content_placement=&#8221;middle&#8221; scheme=&#8221;dark&#8221; hide_bg_image_on_tablet=&#8221;&#8221; hide_bg_image_on_mobile=&#8221;&#8221;][vc_column width=&#8221;7\/12&#8243; css=&#8221;.vc_custom_1525724084828{background-color: #e42028 !important;}&#8221;]<div id=\"sc_content_678230099\"\r\n\t\tclass=\"sc_content color_style_default sc_content_default sc_float_right sc_padding_medium  vc_custom_1525724376294\"><div class=\"sc_content_container\">[vc_column_text]<\/p>\n<h5>Otras formas de financiar tu sembradora<\/h5>\n<p>En Crucianelli tenemos<em> <strong>convenios con los bancos m\u00e1s importantes<\/strong><\/em> del pa\u00eds.<\/p>\n<ul>\n<li>Planes en <strong>d\u00f3lares <\/strong>y en <strong>pesos<\/strong><\/li>\n<li>A 12, 24, 36, 48 y 60 meses<\/li>\n<\/ul>\n<p>[\/vc_column_text]<\/div><\/div><!-- \/.sc_content -->[\/vc_column][vc_column width=&#8221;5\/12&#8243;]<div id=\"sc_content_516675908\"\r\n\t\tclass=\"sc_content color_style_default sc_content_default sc_float_center sc_padding_large  vc_custom_1525724831893\"><div class=\"sc_content_container\"><div class=\"sc_item_button sc_button_wrap sc_align_center\"><a href=\"https:\/\/crucianelli.com\/wp-content\/uploads\/2020\/06\/CONVENIOS-BANCARIOS-JUNIO-2020.pdf\" id=\"sc_button_1009509735\" class=\"sc_button color_style_dark sc_button_bordered sc_button_size_large sc_button_icon_left\" target=\"_blank\"><span class=\"sc_button_text\"><span class=\"sc_button_title\">+ info<\/span><\/span><!-- \/.sc_button_text --><\/a><!-- \/.sc_button --><\/div><!-- \/.sc_item_button --><\/div><\/div><!-- \/.sc_content -->[\/vc_column][\/vc_row][vc_row full_width=&#8221;stretch_row&#8221; content_placement=&#8221;middle&#8221; css=&#8221;.vc_custom_1526502087923{padding-top: 6em !important;padding-bottom: 6em !important;}&#8221;][vc_column width=&#8221;1\/6&#8243; css=&#8221;.vc_custom_1526502294045{padding-top: 15px !important;padding-bottom: 15px !important;}&#8221; offset=&#8221;vc_col-sm-offset-0 vc_col-xs-offset-2 vc_col-xs-8&#8243;][vc_single_image image=&#8221;1278&#8243; img_size=&#8221;full&#8221; alignment=&#8221;center&#8221;][\/vc_column][vc_column width=&#8221;1\/6&#8243; css=&#8221;.vc_custom_1526502302444{padding-top: 15px !important;padding-bottom: 15px !important;}&#8221; offset=&#8221;vc_col-sm-offset-0 vc_col-xs-offset-2 vc_col-xs-8&#8243;][vc_single_image image=&#8221;1341&#8243; img_size=&#8221;full&#8221; alignment=&#8221;center&#8221;][\/vc_column][vc_column width=&#8221;1\/6&#8243; css=&#8221;.vc_custom_1526502187581{padding-top: 15px !important;padding-bottom: 15px !important;}&#8221; offset=&#8221;vc_col-sm-offset-0 vc_col-xs-offset-1 vc_col-xs-10&#8243;][vc_single_image image=&#8221;1280&#8243; img_size=&#8221;full&#8221; alignment=&#8221;center&#8221;][\/vc_column][vc_column width=&#8221;1\/6&#8243; css=&#8221;.vc_custom_1526502311286{padding-top: 15px !important;padding-bottom: 15px !important;}&#8221; offset=&#8221;vc_col-sm-offset-0 vc_col-xs-offset-2 vc_col-xs-8&#8243;][vc_single_image image=&#8221;1281&#8243; img_size=&#8221;full&#8221; alignment=&#8221;center&#8221;][\/vc_column][vc_column width=&#8221;1\/6&#8243; css=&#8221;.vc_custom_1526502319074{padding-top: 15px !important;padding-bottom: 15px !important;}&#8221; offset=&#8221;vc_col-sm-offset-0 vc_col-xs-offset-2 vc_col-xs-8&#8243;][vc_single_image image=&#8221;1655&#8243; img_size=&#8221;full&#8221; alignment=&#8221;center&#8221;][\/vc_column][vc_column width=&#8221;1\/6&#8243; css=&#8221;.vc_custom_1526502327614{padding-top: 15px !important;padding-bottom: 15px !important;}&#8221; offset=&#8221;vc_col-sm-offset-0 vc_col-xs-offset-2 vc_col-xs-8&#8243;][vc_single_image image=&#8221;1283&#8243; img_size=&#8221;full&#8221; alignment=&#8221;center&#8221;][\/vc_column][\/vc_row][vc_row full_width=&#8221;stretch_row_content_no_spaces&#8221; content_placement=&#8221;top&#8221; scheme=&#8221;dark&#8221; hide_bg_image_on_tablet=&#8221;&#8221; hide_bg_image_on_mobile=&#8221;&#8221;][vc_column width=&#8221;7\/12&#8243; css=&#8221;.vc_custom_1525726499415{background-color: #222d35 !important;}&#8221;]<div id=\"sc_content_1507185513\"\r\n\t\tclass=\"sc_content color_style_default sc_content_default sc_float_right sc_padding_medium  vc_custom_1525726481255\"><div class=\"sc_content_container\">[vc_column_text]Proteg\u00e9 tus ahorros con una <strong>inversi\u00f3n segura:<\/strong><br \/>\nen Crucianelli te ofrecemos un<strong> plan de ahorro<\/strong> a 4 a\u00f1os. Conoc\u00e9 los beneficios.<br \/>\nLa \u00faltima tecnolog\u00eda, la mejor financiaci\u00f3n:<\/p>\n<ul>\n<li><strong>Cuotas variables<\/strong> en pesos.<\/li>\n<li>Adjudicaci\u00f3n por sorteo o licitaci\u00f3n<\/li>\n<li>Pagos\/Vencimientos trimestrales<\/li>\n<li><strong>Flexibilidad: <\/strong>eleg\u00eds la sembradora que quer\u00e9s cuando licit\u00e1s o sal\u00eds sorteado.<\/li>\n<\/ul>\n<p><strong>Tecnolog\u00eda que maximiza la producci\u00f3n de tu campo.<\/strong>[\/vc_column_text]<\/div><\/div><!-- \/.sc_content -->[\/vc_column][vc_column width=&#8221;5\/12&#8243;][vc_single_image image=&#8221;1308&#8243; img_size=&#8221;full&#8221;][\/vc_column][\/vc_row]<\/p>\n<p><\/p>","protected":false},"excerpt":{"rendered":"<p>[vc_row full_width=&#8221;stretch_row_content_no_spaces&#8221; content_placement=&#8221;top&#8221; scheme=&#8221;dark&#8221; hide_bg_image_on_tablet=&#8221;&#8221; hide_bg_image_on_mobile=&#8221;&#8221;][vc_column width=&#8221;7\/12&#8243; css=&#8221;.vc_custom_1525726499415{background-color: #222d35 !important;}&#8221;][\/vc_column][vc_column width=&#8221;5\/12&#8243;][vc_single_image image=&#8221;3522&#8243; img_size=&#8221;full&#8221;][\/vc_column][\/vc_row][vc_row content_placement=&#8221;middle&#8221; css=&#8221;.vc_custom_1525726591915{padding-top: 3em !important;padding-bottom: 3em !important;}&#8221;][vc_column width=&#8221;5\/12&#8243; css=&#8221;.vc_custom_1525725326874{background-size: cover !important;}&#8221;][vc_single_image image=&#8221;4469&#8243; img_size=&#8221;full&#8221;][\/vc_column][vc_column width=&#8221;7\/12&#8243;][\/vc_column][\/vc_row][vc_row full_width=&#8221;stretch_row_content_no_spaces&#8221; content_placement=&#8221;middle&#8221; scheme=&#8221;dark&#8221; hide_bg_image_on_tablet=&#8221;&#8221; hide_bg_image_on_mobile=&#8221;&#8221;][vc_column width=&#8221;7\/12&#8243; css=&#8221;.vc_custom_1525724084828{background-color: #e42028 !important;}&#8221;][\/vc_column][vc_column width=&#8221;5\/12&#8243;][\/vc_column][\/vc_row][vc_row full_width=&#8221;stretch_row&#8221; content_placement=&#8221;middle&#8221; css=&#8221;.vc_custom_1526502087923{padding-top: 6em !important;padding-bottom: 6em !important;}&#8221;][vc_column width=&#8221;1\/6&#8243; css=&#8221;.vc_custom_1526502294045{padding-top: 15px !important;padding-bottom: 15px !important;}&#8221; offset=&#8221;vc_col-sm-offset-0 vc_col-xs-offset-2 vc_col-xs-8&#8243;][vc_single_image image=&#8221;1278&#8243; img_size=&#8221;full&#8221; alignment=&#8221;center&#8221;][\/vc_column][vc_column width=&#8221;1\/6&#8243; css=&#8221;.vc_custom_1526502302444{padding-top: 15px !important;padding-bottom: 15px&hellip;<\/p>\n","protected":false},"author":3,"featured_media":0,"parent":0,"menu_order":0,"comment_status":"closed","ping_status":"closed","template":"","meta":{"_joinchat":[]},"acf":[],"_links":{"self":[{"href":"https:\/\/crucianelli.com\/pb\/wp-json\/wp\/v2\/pages\/1276"}],"collection":[{"href":"https:\/\/crucianelli.com\/pb\/wp-json\/wp\/v2\/pages"}],"about":[{"href":"https:\/\/crucianelli.com\/pb\/wp-json\/wp\/v2\/types\/page"}],"author":[{"embeddable":true,"href":"https:\/\/crucianelli.com\/pb\/wp-json\/wp\/v2\/users\/3"}],"replies":[{"embeddable":true,"href":"https:\/\/crucianelli.com\/pb\/wp-json\/wp\/v2\/comments?post=1276"}],"version-history":[{"count":0,"href":"https:\/\/crucianelli.com\/pb\/wp-json\/wp\/v2\/pages\/1276\/revisions"}],"wp:attachment":[{"href":"https:\/\/crucianelli.com\/pb\/wp-json\/wp\/v2\/media?parent=1276"}],"curies":[{"name":"wp","href":"https:\/\/api.w.org\/{rel}","templated":true}]}}