{"id":38146,"date":"2025-10-27T13:35:27","date_gmt":"2025-10-27T16:35:27","guid":{"rendered":"https:\/\/crucianelli.com\/?page_id=38146"},"modified":"2025-10-27T14:02:33","modified_gmt":"2025-10-27T17:02:33","slug":"crucianelli-fertec","status":"publish","type":"page","link":"https:\/\/crucianelli.com\/pb\/crucianelli-fertec\/","title":{"rendered":"Pol\u00edtica de Calidad"},"content":{"rendered":"<p>[vc_row css=&#8221;.vc_custom_1520886649527{margin-top: 6em !important;padding-bottom: 10rem !important;}&#8221;][vc_column width=&#8221;1\/2&#8243; el_class=&#8221;empresa-quienes-somos&#8221; css=&#8221;.vc_custom_1521660669918{padding-right: 10px !important;padding-left: 10px !important;}&#8221;][vc_column_text el_class=&#8221;txt-quienes-somos&#8221;]<\/p>\n<h4>QUI\u00c9NES SOMOS<\/h4>\n<p><strong>Nacida en la localidad de Armstrong, Santa Fe, Crucianelli S.A. es hoy una de las empresas que lidera el mercado de sembradoras en Argentina, con una gran cobertura nacional que integran 70 concesionarios, y con sembradoras presentes en todo el mundo.<\/strong><\/p>\n<p>La experiencia y el pasar de las d\u00e9cadas nos impulsaron a atravesar cambios, adaptaciones y principalmente el desarrollo de una complejidad tecnol\u00f3gica de vanguardia: en 1996 fuimos la primera f\u00e1brica de sembradoras en Sudam\u00e9rica y una de las primeras a nivel internacional en contar con soldadura robotizada.<\/p>\n<p>Nuestra misi\u00f3n es acompa\u00f1ar al productor a trav\u00e9s de todo el proceso de b\u00fasqueda de la m\u00e1quina ideal, personalizando la fabricaci\u00f3n para que cada equipo se adapte al suelo donde se sembrar\u00e1. Junto con el mejor servicio post-venta, son nuestros principales diferenciales.[\/vc_column_text][\/vc_column][vc_column width=&#8221;1\/2&#8243;][vc_empty_space alter_height=&#8221;medium&#8221; hide_on_desktop=&#8221;1&#8243; hide_on_notebook=&#8221;1&#8243; hide_on_tablet=&#8221;1&#8243; hide_on_mobile=&#8221;&#8221;][vc_single_image image=&#8221;707&#8243; img_size=&#8221;full&#8221; alignment=&#8221;center&#8221; el_class=&#8221;img-quienes-somos&#8221;][\/vc_column][\/vc_row][vc_row full_width=&#8221;stretch_row_content_no_spaces&#8221; hide_bg_image_on_tablet=&#8221;&#8221; hide_bg_image_on_mobile=&#8221;&#8221; css=&#8221;.vc_custom_1520386938823{background-color: #cbcbcb !important;}&#8221;][vc_column width=&#8221;1\/2&#8243; el_class=&#8221;empresa-rrhh&#8221;]<div id=\"sc_content_1647919901\"\r\n\t\tclass=\"sc_content color_style_default sc_content_default sc_float_center sc_padding_large  vc_custom_1520386761914\"><div class=\"sc_content_container\">[vc_column_text scheme=&#8221;dark&#8221;]<\/p>\n<h4 style=\"text-align: right;\">RECURSOS HUMANOS<\/h4>\n<p style=\"text-align: right;\">M\u00e1s de 145 personas en nuestros talleres metal\u00fargicos hacen a <strong>Crucianelli<\/strong>. Apostamos al crecimiento humano a la par del profesional, buscando que cada equipo de trabajo sea tambi\u00e9n un grupo humano. Este modelo es el que nos ha llevado a ser la exitosa empresa que somos desde hace ya m\u00e1s de 60 a\u00f1os.<\/p>\n<p style=\"text-align: right;\">Seguinos en Facebook para conocer las acciones que hacen grande a la <strong>#CulturaCrucianelli<\/strong>.<\/p>\n<p>[\/vc_column_text]<\/div><\/div><!-- \/.sc_content -->[\/vc_column][vc_column width=&#8221;1\/2&#8243; el_class=&#8221;empresa-comercio-exterior&#8221;]<div id=\"sc_content_55460665\"\r\n\t\tclass=\"sc_content color_style_default sc_content_default sc_float_center sc_padding_large\"><div class=\"sc_content_container\">[vc_column_text css=&#8221;.vc_custom_1520388082680{padding-top: 2rem !important;padding-right: 2.4rem !important;padding-bottom: 2rem !important;padding-left: 2.4rem !important;}&#8221;]<\/p>\n<h4>COMERCIO EXTERIOR<\/h4>\n<p>Las sembradoras de <strong>Crucianelli<\/strong> est\u00e1n presentes en todo el mundo, con agentes de venta en Brasil, Rusia y el Caribe. Actualmente exportamos a 15 pa\u00edses, posicionando a la industria argentina como industria de calidad en el \u00e1mbito internacional.[\/vc_column_text]<\/div><\/div><!-- \/.sc_content -->[\/vc_column][\/vc_row][vc_row full_width=&#8221;stretch_row_content_no_spaces&#8221; css=&#8221;.vc_custom_1521661842648{background-color: #333333 !important;}&#8221;][vc_column width=&#8221;1\/2&#8243;]<div id=\"sc_content_1481799902\"\r\n\t\tclass=\"sc_content color_style_default sc_content_default sc_float_center sc_padding_large\"><div class=\"sc_content_container\">[vc_column_text scheme=&#8221;dark&#8221;]<\/p>\n<h4 style=\"text-align: right;\">HISTORIA<\/h4>\n<p style=\"text-align: right;\">Nuestros 60 a\u00f1os de progreso representan 60 a\u00f1os de un crecimiento enfocado principalmente en los valores. Valores que estuvieron presentes en el proyecto de Don Nazareno, y que hoy siguen siendo el norte de la segunda y la tercera generaci\u00f3n de la familia <strong>Crucianelli<\/strong>.<\/p>\n<p>[\/vc_column_text]<\/div><\/div><!-- \/.sc_content -->[\/vc_column][vc_column width=&#8221;1\/2&#8243; el_class=&#8221;empresa-video&#8221;]<div id=\"sc_content_1045603964\"\r\n\t\tclass=\"sc_content color_style_default sc_content_default sc_float_center sc_padding_large sc_shift_y_medium  vc_custom_1521663252554\"><div class=\"sc_content_container\"><div id=\"widget_video_1954912956\" class=\"widget_area sc_widget_video vc_widget_video wpb_content_element\"><aside id=\"widget_video_1954912956_widget\" class=\"widget widget_video\"><div id=\"sc_video_701836273\" class=\"trx_addons_video_player without_cover\"><div class=\"video_embed video_frame\"><iframe width=\"1170\" height=\"658\" src=\"https:\/\/www.youtube.com\/embed\/ZT_9mBCYuD4?start=782&feature=oembed\" frameborder=\"0\" allow=\"autoplay; encrypted-media\" allowfullscreen><\/iframe><\/div><\/div><\/aside><\/div><\/div><\/div><!-- \/.sc_content -->[\/vc_column][\/vc_row]<\/p>","protected":false},"excerpt":{"rendered":"<p>[vc_row css=&#8221;.vc_custom_1520886649527{margin-top: 6em !important;padding-bottom: 10rem !important;}&#8221;][vc_column width=&#8221;1\/2&#8243; el_class=&#8221;empresa-quienes-somos&#8221; css=&#8221;.vc_custom_1521660669918{padding-right: 10px !important;padding-left: 10px !important;}&#8221;][vc_column_text el_class=&#8221;txt-quienes-somos&#8221;] QUI\u00c9NES SOMOS Nacida en la localidad de Armstrong, Santa Fe, Crucianelli S.A. es hoy una de las empresas que lidera el mercado de sembradoras en Argentina, con una gran cobertura nacional que integran 70 concesionarios, y con sembradoras presentes en todo el mundo. La experiencia y&hellip;<\/p>\n","protected":false},"author":3,"featured_media":0,"parent":0,"menu_order":0,"comment_status":"closed","ping_status":"closed","template":"","meta":{"_joinchat":[]},"acf":[],"_links":{"self":[{"href":"https:\/\/crucianelli.com\/pb\/wp-json\/wp\/v2\/pages\/38146"}],"collection":[{"href":"https:\/\/crucianelli.com\/pb\/wp-json\/wp\/v2\/pages"}],"about":[{"href":"https:\/\/crucianelli.com\/pb\/wp-json\/wp\/v2\/types\/page"}],"author":[{"embeddable":true,"href":"https:\/\/crucianelli.com\/pb\/wp-json\/wp\/v2\/users\/3"}],"replies":[{"embeddable":true,"href":"https:\/\/crucianelli.com\/pb\/wp-json\/wp\/v2\/comments?post=38146"}],"version-history":[{"count":0,"href":"https:\/\/crucianelli.com\/pb\/wp-json\/wp\/v2\/pages\/38146\/revisions"}],"wp:attachment":[{"href":"https:\/\/crucianelli.com\/pb\/wp-json\/wp\/v2\/media?parent=38146"}],"curies":[{"name":"wp","href":"https:\/\/api.w.org\/{rel}","templated":true}]}}