{"id":965,"date":"2018-03-12T18:34:41","date_gmt":"2018-03-12T21:34:41","guid":{"rendered":"https:\/\/crucianelli.com\/?page_id=965"},"modified":"2025-10-14T12:48:14","modified_gmt":"2025-10-14T15:48:14","slug":"contactanos","status":"publish","type":"page","link":"https:\/\/crucianelli.com\/pb\/contactanos\/","title":{"rendered":"Contato"},"content":{"rendered":"<p>[vc_row full_width=&#8221;stretch_row_content_no_spaces&#8221; equal_height=&#8221;yes&#8221; el_id=&#8221;producto-form&#8221; el_class=&#8221;contacto&#8221;][vc_column width=&#8221;1\/2&#8243; scheme=&#8221;dark&#8221; css=&#8221;.vc_custom_1520891276378{background-color: #e42028 !important;}&#8221;]<div id=\"sc_content_948032349\"\r\n\t\tclass=\"sc_content color_style_default sc_content_default sc_float_right sc_align_left sc_padding_medium\"><div class=\"sc_content_container\">[vc_column_text]<\/p>\n<p style=\"text-align: right;\">Nossa \u00e1rea de atendimento ao cliente esta a disposi\u00e7\u00e3o<br \/>\npara uma r\u00e1pida resposta a tuas consultas. \u00a1Contata-nos!<\/p>\n<p>[\/vc_column_text][vc_empty_space alter_height=&#8221;small&#8221; hide_on_desktop=&#8221;&#8221; hide_on_notebook=&#8221;&#8221; hide_on_tablet=&#8221;&#8221; hide_on_mobile=&#8221;&#8221;]<div role=\"form\" class=\"wpcf7\" id=\"wpcf7-f1502-o3\" lang=\"es-ES\" dir=\"ltr\">\n<div class=\"screen-reader-response\"><p role=\"status\" aria-live=\"polite\" aria-atomic=\"true\"><\/p> <ul><\/ul><\/div>\n<form action=\"\/pb\/wp-json\/wp\/v2\/pages\/965#wpcf7-f1502-o3\" method=\"post\" class=\"wpcf7-form init\" novalidate=\"novalidate\" data-status=\"init\">\n<div style=\"display: none;\">\n<input type=\"hidden\" name=\"_wpcf7\" value=\"1502\" \/>\n<input type=\"hidden\" name=\"_wpcf7_version\" value=\"5.3.2\" \/>\n<input type=\"hidden\" name=\"_wpcf7_locale\" value=\"es_ES\" \/>\n<input type=\"hidden\" name=\"_wpcf7_unit_tag\" value=\"wpcf7-f1502-o3\" \/>\n<input type=\"hidden\" name=\"_wpcf7_container_post\" value=\"0\" \/>\n<input type=\"hidden\" name=\"_wpcf7_posted_data_hash\" value=\"\" \/>\n<input type=\"hidden\" name=\"_wpcf7cf_hidden_group_fields\" value=\"\" \/>\n<input type=\"hidden\" name=\"_wpcf7cf_hidden_groups\" value=\"\" \/>\n<input type=\"hidden\" name=\"_wpcf7cf_visible_groups\" value=\"\" \/>\n<input type=\"hidden\" name=\"_wpcf7cf_repeaters\" value=\"[]\" \/>\n<input type=\"hidden\" name=\"_wpcf7cf_steps\" value=\"{}\" \/>\n<input type=\"hidden\" name=\"_wpcf7cf_options\" value=\"{&quot;form_id&quot;:1502,&quot;conditions&quot;:[],&quot;settings&quot;:{&quot;animation&quot;:&quot;yes&quot;,&quot;animation_intime&quot;:200,&quot;animation_outtime&quot;:200,&quot;conditions_ui&quot;:&quot;normal&quot;,&quot;notice_dismissed&quot;:false}}\" \/>\n<\/div>\n<p><span class=\"wpcf7-form-control-wrap nombre\"><input type=\"text\" name=\"nombre\" value=\"\" size=\"40\" class=\"wpcf7-form-control wpcf7-text wpcf7-validates-as-required\" aria-required=\"true\" aria-invalid=\"false\" placeholder=\"Nome\" \/><\/span><span class=\"wpcf7-form-control-wrap email\"><input type=\"email\" name=\"email\" value=\"\" size=\"40\" class=\"wpcf7-form-control wpcf7-text wpcf7-email wpcf7-validates-as-required wpcf7-validates-as-email\" aria-required=\"true\" aria-invalid=\"false\" placeholder=\"Email\" \/><\/span><span class=\"wpcf7-form-control-wrap telefono\"><input type=\"text\" name=\"telefono\" value=\"\" size=\"40\" class=\"wpcf7-form-control wpcf7-text wpcf7-validates-as-required\" aria-required=\"true\" aria-invalid=\"false\" placeholder=\"Telefone\" \/><\/span><span class=\"wpcf7-form-control-wrap ciudad\"><input type=\"text\" name=\"ciudad\" value=\"\" size=\"40\" class=\"wpcf7-form-control wpcf7-text wpcf7-validates-as-required\" aria-required=\"true\" aria-invalid=\"false\" placeholder=\"Regi\u00e3o\" \/><\/span><span class=\"wpcf7-form-control-wrap mensaje\"><textarea name=\"mensaje\" cols=\"40\" rows=\"3\" class=\"wpcf7-form-control wpcf7-textarea\" aria-invalid=\"false\" placeholder=\"Mensagem\"><\/textarea><\/span><\/p>\n<p><input type=\"submit\" value=\"Enviar\" class=\"wpcf7-form-control wpcf7-submit\" \/><\/p>\n<div class=\"wpcf7-response-output\" aria-hidden=\"true\"><\/div><\/form><\/div><\/div><\/div><!-- \/.sc_content -->[\/vc_column][vc_column width=&#8221;1\/2&#8243; css=&#8221;.vc_custom_1520534945174{background-image: url(https:\/\/crucianelli.com\/wp-content\/uploads\/2018\/03\/bg-concesionario-producto.jpg?id=769) !important;background-position: center !important;background-repeat: no-repeat !important;background-size: cover !important;}&#8221;]<div id=\"sc_content_244084678\"\r\n\t\tclass=\"sc_content color_style_default scheme_dark sc_content_default sc_float_left sc_padding_medium\"><div class=\"sc_content_container\">[vc_column_text el_class=&#8221;texto-concesionario-producto&#8221;]<\/p>\n<h5 style=\"text-align: left;\"><strong>\u00bfPROCURA <\/strong><br \/>\n<strong>UM CONCESSION\u00c1RIO?<\/strong><br \/>\nENCONTRE UM PERTO DE VOC\u00ca<\/h5>\n<p>[\/vc_column_text][vc_empty_space alter_height=&#8221;medium&#8221; hide_on_desktop=&#8221;&#8221; hide_on_notebook=&#8221;&#8221; hide_on_tablet=&#8221;&#8221; hide_on_mobile=&#8221;&#8221;]<div class=\"sc_item_button sc_button_wrap sc_align_left\"><a href=\"https:\/\/crucianelli.com\/concesionarios\/\" id=\"sc_button_642577231\" class=\"sc_button color_style_default sc_button_default sc_button_size_small sc_button_icon_left\"><span class=\"sc_button_text\"><span class=\"sc_button_title\">Ver concession\u00e1rios<\/span><\/span><!-- \/.sc_button_text --><\/a><!-- \/.sc_button --><\/div><!-- \/.sc_item_button --><\/div><\/div><!-- \/.sc_content -->[\/vc_column][\/vc_row][vc_row hide_bg_image_on_tablet=&#8221;&#8221; hide_bg_image_on_mobile=&#8221;&#8221; css=&#8221;.vc_custom_1520892053272{margin-top: 4em !important;}&#8221;][vc_column width=&#8221;1\/3&#8243; offset=&#8221;vc_col-sm-offset-0&#8243;][vc_column_text]<\/p>\n<h6>Administra\u00e7\u00e3o<\/h6>\n<p>info@crucianelli.com<br \/>\n+54 (3471) 461044 \/ 461109<br \/>\nRuta Nacional N\u00b09 1979<br \/>\n\u00c1rea industrial, Armstrong (2508)<br \/>\nSanta Fe, Argentina[\/vc_column_text][\/vc_column][vc_column width=&#8221;1\/3&#8243;][vc_empty_space alter_height=&#8221;medium&#8221; hide_on_desktop=&#8221;1&#8243; hide_on_notebook=&#8221;1&#8243; hide_on_tablet=&#8221;1&#8243; hide_on_mobile=&#8221;&#8221;][vc_column_text]<\/p>\n<h6>Hor\u00e1rios<\/h6>\n<p>Atendimento comercial<br \/>\nde segunda-feira a sexta-feira<br \/>\nde 07:30 a 18:30 hs<br \/>\n(GMT -3)[\/vc_column_text][\/vc_column][vc_column width=&#8221;1\/3&#8243;][vc_column_text]<\/p>\n<h6><span style=\"color: #000000;\">\u00bfQuer\u00e9s ser parte de Crucianelli?<\/span><\/h6>\n<p><span style=\"color: #808080;\"><a style=\"color: #808080;\" href=\"mailto:recursoshumanos@crucianelli.com\">recursoshumanos@crucianelli.com<\/a><\/span>[\/vc_column_text][\/vc_column][\/vc_row]<\/p>","protected":false},"excerpt":{"rendered":"<p>[vc_row full_width=&#8221;stretch_row_content_no_spaces&#8221; equal_height=&#8221;yes&#8221; el_id=&#8221;producto-form&#8221; el_class=&#8221;contacto&#8221;][vc_column width=&#8221;1\/2&#8243; scheme=&#8221;dark&#8221; css=&#8221;.vc_custom_1520891276378{background-color: #e42028 !important;}&#8221;][\/vc_column][vc_column width=&#8221;1\/2&#8243; css=&#8221;.vc_custom_1520534945174{background-image: url(https:\/\/crucianelli.com\/wp-content\/uploads\/2018\/03\/bg-concesionario-producto.jpg?id=769) !important;background-position: center !important;background-repeat: no-repeat !important;background-size: cover !important;}&#8221;][\/vc_column][\/vc_row][vc_row hide_bg_image_on_tablet=&#8221;&#8221; hide_bg_image_on_mobile=&#8221;&#8221; css=&#8221;.vc_custom_1520892053272{margin-top: 4em !important;}&#8221;][vc_column width=&#8221;1\/3&#8243; offset=&#8221;vc_col-sm-offset-0&#8243;][vc_column_text] Administra\u00e7\u00e3o info@crucianelli.com +54 (3471) 461044 \/ 461109 Ruta Nacional N\u00b09 1979 \u00c1rea industrial, Armstrong (2508) Santa Fe, Argentina[\/vc_column_text][\/vc_column][vc_column width=&#8221;1\/3&#8243;][vc_empty_space alter_height=&#8221;medium&#8221; hide_on_desktop=&#8221;1&#8243; hide_on_notebook=&#8221;1&#8243; hide_on_tablet=&#8221;1&#8243; hide_on_mobile=&#8221;&#8221;][vc_column_text] Hor\u00e1rios Atendimento comercial de segunda-feira a sexta-feira de 07:30&hellip;<\/p>\n","protected":false},"author":3,"featured_media":0,"parent":0,"menu_order":0,"comment_status":"closed","ping_status":"closed","template":"","meta":{"_joinchat":[]},"acf":[],"_links":{"self":[{"href":"https:\/\/crucianelli.com\/pb\/wp-json\/wp\/v2\/pages\/965"}],"collection":[{"href":"https:\/\/crucianelli.com\/pb\/wp-json\/wp\/v2\/pages"}],"about":[{"href":"https:\/\/crucianelli.com\/pb\/wp-json\/wp\/v2\/types\/page"}],"author":[{"embeddable":true,"href":"https:\/\/crucianelli.com\/pb\/wp-json\/wp\/v2\/users\/3"}],"replies":[{"embeddable":true,"href":"https:\/\/crucianelli.com\/pb\/wp-json\/wp\/v2\/comments?post=965"}],"version-history":[{"count":0,"href":"https:\/\/crucianelli.com\/pb\/wp-json\/wp\/v2\/pages\/965\/revisions"}],"wp:attachment":[{"href":"https:\/\/crucianelli.com\/pb\/wp-json\/wp\/v2\/media?parent=965"}],"curies":[{"name":"wp","href":"https:\/\/api.w.org\/{rel}","templated":true}]}}